{"id":16,"date":"2021-01-19T13:09:42","date_gmt":"2021-01-19T13:09:42","guid":{"rendered":"https:\/\/specklin.ffzg.unizg.hr\/?page_id=16"},"modified":"2026-03-20T13:29:02","modified_gmt":"2026-03-20T13:29:02","slug":"studenti","status":"publish","type":"page","link":"https:\/\/specklin.ffzg.unizg.hr\/index.php\/studenti\/","title":{"rendered":"Studenti"},"content":{"rendered":"\t\t<div data-elementor-type=\"wp-page\" data-elementor-id=\"16\" class=\"elementor elementor-16\" data-elementor-settings=\"[]\">\n\t\t\t\t\t\t<div class=\"elementor-inner\">\n\t\t\t\t\t\t\t<div class=\"elementor-section-wrap\">\n\t\t\t\t\t\t\t<section class=\"elementor-section elementor-top-section elementor-element elementor-element-349c5ea1 elementor-section-boxed elementor-section-height-default elementor-section-height-default\" data-id=\"349c5ea1\" data-element_type=\"section\" data-settings=\"{&quot;_ha_eqh_enable&quot;:false}\">\n\t\t\t\t\t\t<div class=\"elementor-container elementor-column-gap-default\">\n\t\t\t\t\t\t\t<div class=\"elementor-row\">\n\t\t\t\t\t<div class=\"elementor-column elementor-col-100 elementor-top-column elementor-element elementor-element-3cb1dcc3\" data-id=\"3cb1dcc3\" data-element_type=\"column\">\n\t\t\t<div class=\"elementor-column-wrap elementor-element-populated\">\n\t\t\t\t\t\t\t<div class=\"elementor-widget-wrap\">\n\t\t\t\t\t\t<div class=\"elementor-element elementor-element-3f21378f elementor-widget elementor-widget-text-editor\" data-id=\"3f21378f\" data-element_type=\"widget\" data-widget_type=\"text-editor.default\">\n\t\t\t\t<div class=\"elementor-widget-container\">\n\t\t\t\t\t<div class=\"elementor-text-editor elementor-clearfix\"><h2>Studenti<\/h2><h2>Struktura studija<\/h2><p>Sveu\u010dili\u0161ni specijalisti\u010dki studij klini\u010dke psihologije traje dvije godine. Tijekom studija studenti su obavezni prikupiti 120 ECTS bodova. Bodovi se trebaju prikupiti ispunjavanjem zahtjeva obaveznih kolegija (30 ECTS bodova), izbornih kolegija (25 ECTS bodova) i klini\u010dkih praktikuma (20 ECTS boda), prakti\u010dnim radom pod vodstvom mentora (20 ECTS bodova) te zavr\u0161nim ispitom prakti\u010dnih vje\u0161tina (15 ECTS bodova). Preostalih izbornih 10 ECTS bodova studenti prikupljaju razli\u010ditim znanstvenim i stru\u010dnim aktivnostima.<\/p><p>Uvjeti upisa u drugu godinu jesu: (1) polo\u017eeni obavezni kolegiji s prve godine, \u00a0(2) ispunjene obaveze klini\u010dkog rada pod mentorstvom \u0161to se dokazuje prvim i drugim potpisom mentora i (3) podmirene sve financijske obaveze.<\/p><p>Student mo\u017ee pristupiti zavr\u0161nom ispitu nakon \u0161to je ispunio sve studentske obaveze, polo\u017eio sve ispite i podmirio sve financijske obaveze.<\/p><h2>Raspored nastave<\/h2><p>Raspored nastave 1. godine Sveu\u010dili\u0161nog specijalisti\u010dkog studija klini\u010dke psihologije mo\u017eete preuzeti <a href=\"https:\/\/specklin.ffzg.unizg.hr\/wp-content\/uploads\/2025\/01\/Raspored-1.-godine-spec.-studija-24-26.pdf\">ovdje<\/a>.<\/p><p>Raspored nastave 2. godine Sveu\u010dili\u0161nog specijalisti\u010dkog studija klini\u010dke psihologije mo\u017eete preuzeti <a href=\"https:\/\/specklin.ffzg.unizg.hr\/wp-content\/uploads\/2026\/03\/Raspored-2.-godine-spec.-studija-24-26.pdf\">ovdje<\/a>.<\/p><h2>Zavr\u0161ni ispit prakti\u010dnih vje\u0161tina<\/h2><p>Ispit se individualno prijavljuje tajnici sveu\u010dili\u0161nog specijalisti\u010dkog studija klini\u010dke psihologije. U okviru mjesec dana nakon prijave \u0107e se organizirati odr\u017eavanje ispita. O to\u010dnom datumu odr\u017eavanja ispita studenti \u0107e biti obavije\u0161teni najmanje dva tjedna prije termina.<\/p><p>Ispit \u0107e se odr\u017eati pred tro\u010dlanim povjerenstvom kojeg \u010dine klini\u010dki psiholozi-prakti\u010dari.<\/p><p>Za ispit studenti trebaju pismeno pripremiti slu\u010daj iz klini\u010dke prakse. Studenti odabiru slu\u010daj prema vlastitom naho\u0111enju.<\/p><p>Za ispit treba pripremiti Rezultate testova, Nalaz i mi\u0161ljenje psihologa o tom klijentu, te snimljene isje\u010dke (max 15 min) iz intervjua. Treba biti dva isje\u010dka: onaj dio intervjua s kojim je student zadovoljan, i onaj dio s kojim je najmanje zadovoljan.<\/p><p>Navedene materijale treba poslati povjerenstvu tjedan dana ranije i donijeti sve na ispit.<\/p><p>Prijava zavr\u0161nog ispita prakti\u010dnih vje\u0161tina mo\u017ee se u\u010diniti nakon obavljenih svih obaveza (polo\u017eenih ispita iz svih upisanih kolegija). Prilikom prijave zavr\u0161nog ispita studenti su obavezni dostaviti kopiju indeksa u kojem moraju biti upisane sve izvr\u0161ene obaveze.<\/p><p>Nakon polo\u017eenog ispita prakti\u010dnih vje\u0161tina ste\u010deni su uvjeti za prijavu ocjene i obrane specijalisti\u010dkog rada.<\/p><h2>Prijava teme<\/h2><p>Student specijalisti\u010dkog studija du\u017ean je temu zavr\u0161nog specijalisti\u010dkog rada prijaviti do po\u010detka zadnjeg semestra u posljednjoj godini studija. Ako je za istra\u017eivanje potrebno odobrenje Eti\u010dkog povjerenstva, student prije prijave teme mora zatra\u017eiti odobrenje Eti\u010dkog povjerenstva Odsjeka za psihologiju FFZG-a.<\/p><p>Student za prijavu teme ispunjava obrazac <a href=\"https:\/\/specklin.ffzg.unizg.hr\/wp-content\/uploads\/2023\/01\/SPEC-01.doc\">SPEC-01<\/a>, dok mentor ispunjavanjem obrasca <a href=\"https:\/\/specklin.ffzg.unizg.hr\/wp-content\/uploads\/2023\/01\/SPEC-02.doc\">SPEC-02<\/a> prihva\u0107a temu. Oba ispunjena i potpisana obrasca student predaje u originalu u poslijediplomsku referadu, zajedno s odobrenjem Eti\u010dkog povjerenstva i molbom.<\/p><h2>Predaja zavr\u0161nog specijalisti\u010dkog rada<\/h2><p><a href=\"https:\/\/specklin.ffzg.unizg.hr\/wp-content\/uploads\/2026\/03\/upute-za-predaju-specijalistickoga-rada.doc\"><span style=\"text-decoration: underline;\">Dokumentacija i upute za pokretanje postupka ocjene zavr\u0161noga rada<\/span><\/a>\u00a0<\/p><p><a href=\"https:\/\/specklin.ffzg.unizg.hr\/wp-content\/uploads\/2026\/03\/Uputa_provjera-izvornost-teksta-putem-softvera-Turnitin.docx\"><span style=\"text-decoration: underline;\">Uputa za provjeru teksta putem softvera Turnitin<\/span><\/a><\/p><p><span style=\"text-decoration: underline;\"><a href=\"https:\/\/specklin.ffzg.unizg.hr\/wp-content\/uploads\/2024\/01\/Upute-o-oblikovanju-zavrsnog-rada_spec.-stud.docx\">Upute o oblikovanju zavr\u0161nog specijalisti\u010dkog rada<\/a><\/span><\/p><p><span style=\"text-decoration: underline;\"><a href=\"https:\/\/specklin.ffzg.unizg.hr\/wp-content\/uploads\/2024\/01\/Izjava-o-autenticnosti-specijalistickog-rada.docx\">Izjava o autenti\u010dnosti specijalisti\u010dkog rada<\/a><\/span><\/p><p><span style=\"text-decoration: underline;\"><a href=\"https:\/\/specklin.ffzg.unizg.hr\/wp-content\/uploads\/2024\/01\/Suglasnost-mentora-za-predaju-doktorskoga-rada_obrazac.doc\">Suglasnost mentora za predaju specijalisti\u010dkog rada<\/a><\/span><\/p><p><span style=\"text-decoration: underline;\"><a href=\"https:\/\/specklin.ffzg.unizg.hr\/wp-content\/uploads\/2024\/01\/primjer-molbe-za-ocjenu-spec-rada.docx\">Primjer molbe za ocjenu specijalisti\u010dkog rada<\/a><\/span><\/p><p><strong>Tijek postupka:<\/strong><\/p><ul><li>Predmet zaprima Ured za poslijediplomske studije, urud\u017ebira ga i upu\u0107uje Vije\u0107u Studija koje priprema prijedlog sastava Stru\u010dnoga povjerenstva.<\/li><li>Fakultetsko vije\u0107e donosi odluku o imenovanju Stru\u010dnoga povjerenstva za ocjenu rada.<\/li><li>Odluka i primjerak rada dostavlja se \u010dlanovima povjerenstva i studentu na znanje.<\/li><li>\u010clanovima stru\u010dnog povjerenstva \u0161alje se izvje\u0161taj o provjeri autenti\u010dnosti teksta specijalisti\u010dkog rada.<\/li><li>Stru\u010dno povjerenstvo sa\u010dinjava izvje\u0161taj o ocjeni rada najkasnije u roku 3 mjeseca (u rokove se ne broje subote, nedjelje i praznici).\u00a0<\/li><li>Izvje\u0161taj prihva\u0107a Fakultetsko vije\u0107e i o tome donosi odluku. Odluka se dostavlja Povjerenstvu, mentoru, studentu i voditelju studija.<\/li><li>Ako je odluka pozitivna \u010dlanovi povjerenstva u dogovoru sa studentom odre\u0111uju termin obrane.<\/li><li>Obrana je javna.<\/li><\/ul><p><strong>\u00a0<\/strong>Sjednice Fakultetskog vije\u0107a odr\u017eavaju se jednom u mjesecu. <a href=\"https:\/\/specklin.ffzg.unizg.hr\/wp-content\/uploads\/2026\/03\/Raspored-sjednica-Odsjeka-i-FV-2025.-2026.pdf\"><strong><span style=\"text-decoration: underline;\">Raspored<\/span><\/strong> <\/a>sjednica u ak. godini 2025.\/2026.<\/p><p>Nakon provedbe postupka ocjene i nakon uspje\u0161ne obrane rada kandidati su obvezni najkasnije u roku 30 dana predati u Ured za poslijediplomske studije FF-a (soba A-002 ili A-003):<\/p><p>&#8211; pet (5) primjeraka tvrdo ukori\u010denog rada,<br \/>&#8211; dva (2) CD-a ili USB stika sa snimljenim radom u digitalnom obliku u \u201epdf\u201c formatu,<br \/>&#8211; Privolu za objavu podataka,<br \/>&#8211; Izjavu o pohrani rada,<br \/>&#8211; statisti\u010dki list \u0160V-80\u00a0<br \/>&#8211; Izjavu o tiskanju diplome i ne\/dolasku na promociju.<\/p><p><strong>Potvrda o obranjenom zavr\u0161nom radu i indeks studija<\/strong> mogu se preuzeti na dan predaje cjelovite dokumentacije.<\/p><p>Napomena: Zbog manjeg broja studenata koji zavr\u0161avaju specijalisti\u010dki studij promocija se odr\u017eava jednom u godini.<\/p><p>\u00a0<\/p><\/div>\n\t\t\t\t<\/div>\n\t\t\t\t<\/div>\n\t\t\t\t\t\t<\/div>\n\t\t\t\t\t<\/div>\n\t\t<\/div>\n\t\t\t\t\t\t\t\t<\/div>\n\t\t\t\t\t<\/div>\n\t\t<\/section>\n\t\t\t\t\t\t<\/div>\n\t\t\t\t\t\t<\/div>\n\t\t\t\t\t<\/div>\n\t\t","protected":false},"excerpt":{"rendered":"<p>Studenti Struktura studija Sveu\u010dili\u0161ni specijalisti\u010dki studij klini\u010dke psihologije traje dvije godine. Tijekom studija studenti su obavezni prikupiti 120 ECTS bodova. Bodovi se trebaju prikupiti ispunjavanjem zahtjeva obaveznih kolegija (30 ECTS bodova), izbornih kolegija (25 ECTS bodova) i klini\u010dkih praktikuma (20 ECTS boda), prakti\u010dnim radom pod vodstvom mentora (20 ECTS bodova) te zavr\u0161nim ispitom prakti\u010dnih vje\u0161tina&hellip;<\/p>\n","protected":false},"author":3,"featured_media":116,"parent":0,"menu_order":0,"comment_status":"closed","ping_status":"closed","template":"","meta":{"footnotes":""},"class_list":["post-16","page","type-page","status-publish","has-post-thumbnail","hentry"],"_links":{"self":[{"href":"https:\/\/specklin.ffzg.unizg.hr\/index.php\/wp-json\/wp\/v2\/pages\/16","targetHints":{"allow":["GET"]}}],"collection":[{"href":"https:\/\/specklin.ffzg.unizg.hr\/index.php\/wp-json\/wp\/v2\/pages"}],"about":[{"href":"https:\/\/specklin.ffzg.unizg.hr\/index.php\/wp-json\/wp\/v2\/types\/page"}],"author":[{"embeddable":true,"href":"https:\/\/specklin.ffzg.unizg.hr\/index.php\/wp-json\/wp\/v2\/users\/3"}],"replies":[{"embeddable":true,"href":"https:\/\/specklin.ffzg.unizg.hr\/index.php\/wp-json\/wp\/v2\/comments?post=16"}],"version-history":[{"count":182,"href":"https:\/\/specklin.ffzg.unizg.hr\/index.php\/wp-json\/wp\/v2\/pages\/16\/revisions"}],"predecessor-version":[{"id":1325,"href":"https:\/\/specklin.ffzg.unizg.hr\/index.php\/wp-json\/wp\/v2\/pages\/16\/revisions\/1325"}],"wp:featuredmedia":[{"embeddable":true,"href":"https:\/\/specklin.ffzg.unizg.hr\/index.php\/wp-json\/wp\/v2\/media\/116"}],"wp:attachment":[{"href":"https:\/\/specklin.ffzg.unizg.hr\/index.php\/wp-json\/wp\/v2\/media?parent=16"}],"curies":[{"name":"wp","href":"https:\/\/api.w.org\/{rel}","templated":true}]}}